{"id":55590,"date":"2024-02-05T11:20:47","date_gmt":"2024-02-05T11:20:47","guid":{"rendered":"https:\/\/ticketmaster-enterprise.local\/why-ticketmaster\/our-team\/"},"modified":"2025-07-29T13:48:52","modified_gmt":"2025-07-29T13:48:52","slug":"our-team","status":"publish","type":"page","link":"https:\/\/business.ticketmaster.es\/en\/why-ticketmaster\/our-team\/","title":{"rendered":"Our Team"},"content":{"rendered":"\n<div class=\"wp-block-group alignfull is-style-padding-alt-2 has-base-color has-contrast-background-color has-text-color has-background has-link-color wp-elements-13413e962c53d6b6956472170a0be209 has-global-padding is-layout-constrained wp-block-group-is-layout-constrained\">\n<section class=\"wp-block-group alignwide is-layout-flow wp-block-group-is-layout-flow\">\n<div class=\"wp-block-columns is-style-lg-row-reverse is-layout-flex wp-container-core-columns-is-layout-28f84493 wp-block-columns-is-layout-flex\">\n<div class=\"wp-block-column is-layout-flow wp-block-column-is-layout-flow\"><div  class=\"align wp-block-acf-pull-to-edge\">\n\t<div class=\"pull-to-edge pull-to-edge--right\">\n<div  class=\"align wp-block-acf-tm-shapes\">\n    <div class=\"tm-shapes\">\n        <div class=\"shape shape--square has-base-background-color\"><\/div>\n        <div class=\"shape shape--circle has-primary-background-color\"><\/div>\n    <\/div>\n<\/div>\n<\/div>\t\n<\/div><\/div>\n\n\n\n<div class=\"wp-block-column is-layout-flow wp-block-column-is-layout-flow\">\n<h1 class=\"wp-block-heading\">Meet Our Team<\/h1>\n\n\n\n<p class=\"is-style-max-width\">Get to know some of the leaders shaping the future of live. Our local teams bring unparalleled expertise to delivering unforgettable live experiences.<\/p>\n\n\n\n<div class=\"wp-block-buttons is-layout-flex wp-block-buttons-is-layout-flex\" style=\"margin-top:var(--wp--preset--spacing--large)\">\n<div class=\"wp-block-button\"><a class=\"wp-block-button__link has-primary-background-color has-background wp-element-button\" href=\"https:\/\/business.ticketmaster.com\/work-with-us\/\" target=\"_blank\" rel=\"noopener\">Work With Us<\/a><\/div>\n<\/div>\n<\/div>\n<\/div>\n<\/section>\n<\/div>\n\n\n\n<div class=\"wp-block-group full-bleed has-base-background-color has-background has-global-padding is-layout-constrained wp-block-group-is-layout-constrained\">\n<div class=\"wp-block-columns alignwide is-style-more-space is-layout-flex wp-container-core-columns-is-layout-28f84493 wp-block-columns-is-layout-flex\">\n<div class=\"wp-block-column is-layout-flow wp-block-column-is-layout-flow\">\n<h2 class=\"wp-block-heading alignwide is-style-eyebrow\">Leadership<\/h2>\n<\/div>\n\n\n\n<div class=\"wp-block-column is-layout-flow wp-block-column-is-layout-flow\">\n<p><\/p>\n<\/div>\n<\/div>\n\n\n\n<div class=\"wp-block-columns alignwide are-vertically-aligned-center is-style-default is-layout-flex wp-container-core-columns-is-layout-28f84493 wp-block-columns-is-layout-flex\">\n<div class=\"wp-block-column is-vertically-aligned-center is-layout-flow wp-block-column-is-layout-flow\"><div  class=\"align wp-block-acf-pull-to-edge\">\n\t<div class=\"pull-to-edge pull-to-edge--left\">\n\n<figure class=\"wp-block-image size-full\"><img decoding=\"async\" src=\"https:\/\/business.ticketmaster.es\/wp-content\/uploads\/2024\/07\/anavaldovinos_600x700.jpg\" alt=\"\" class=\"wp-image-58529\" style=\"aspect-ratio:1;object-fit:cover\" \/><\/figure>\n\n<\/div>\t\n<\/div><\/div>\n\n\n\n<div class=\"wp-block-column is-vertically-aligned-center is-layout-flow wp-block-column-is-layout-flow\">\n<div class=\"wp-block-group is-style-contain-width is-layout-flow wp-container-core-group-is-layout-67a28def wp-block-group-is-layout-flow\">\n<h3 class=\"wp-block-heading has-display-4-font-size\" style=\"font-style:normal;font-weight:400;letter-spacing:0.01em;line-height:1.2\">Ana Valdovinos<\/h3>\n\n\n\n<p class=\"is-style-lead has-medium-font-size\" style=\"margin-top:var(--wp--preset--spacing--tiny)\">Chief Executive Officer, Ticketmaster Espa\u00f1a<\/p>\n\n\n\n<p>Ana Valdovinos es actualmente CEO de Ticketmaster Espa\u00f1a y Directora Financiera desde 2011, cargos que compagina con el de Responsable de Recursos Humanos y Compliance.<\/p>\n\n\n\n<p><br>Ana Valdovinos es licenciada en Econ\u00f3micas y MBA por la Escuela de Negocios de ESADE. Fue Consultora de Negocio durante 4 a\u00f1os en una de las Big 5, Arthur Andersen, y posteriormente Consultora Financiera en Andersen Consulting. Dej\u00f3 la consultor\u00eda para formar parte de un proyecto multinacional en la empresa Lear Corporation donde trabaj\u00f3 como analista de costes de las diferentes plantas de producci\u00f3n de Europa, Turqu\u00eda, Sud\u00e1frica y Tailandia.<br>Su experiencia en el sector de Ticketing data del a\u00f1o 2003 donde empez\u00f3 como Directora Financiera de ServiCaixa, empresa filial de Caixabank donde tambi\u00e9n realiz\u00f3 varios proyectos de organizaci\u00f3n y gesti\u00f3n.<\/p>\n\n\n\n<p><br>Una de sus grandes aficiones es el esqu\u00ed y correr al aire libre, pero su gran pasi\u00f3n es viajar y disfrutar de la vida.<\/p>\n<\/div>\n<\/div>\n<\/div>\n\n\n\n<div class=\"wp-block-columns alignwide are-vertically-aligned-center is-style-lg-row-reverse is-layout-flex wp-container-core-columns-is-layout-28f84493 wp-block-columns-is-layout-flex\">\n<div class=\"wp-block-column is-vertically-aligned-center is-layout-flow wp-block-column-is-layout-flow\"><div  class=\"align wp-block-acf-pull-to-edge\">\n\t<div class=\"pull-to-edge pull-to-edge--right\">\n\n<figure class=\"wp-block-image size-large\"><img decoding=\"async\" src=\"https:\/\/business.ticketmaster.es\/wp-content\/uploads\/2024\/07\/TEST-SOCIAL-2.png\" alt=\"\" style=\"aspect-ratio:1;object-fit:cover\" \/><\/figure>\n\n<\/div>\t\n<\/div><\/div>\n\n\n\n<div class=\"wp-block-column is-vertically-aligned-center is-layout-flow wp-block-column-is-layout-flow\">\n<div class=\"wp-block-group is-style-contain-width is-layout-flow wp-container-core-group-is-layout-67a28def wp-block-group-is-layout-flow\">\n<h3 class=\"wp-block-heading has-display-4-font-size\" style=\"font-style:normal;font-weight:400;letter-spacing:0.01em;line-height:1.2\">Reyes S\u00e1enz De Juano<\/h3>\n\n\n\n<p class=\"is-style-lead has-medium-font-size\" style=\"margin-top:var(--wp--preset--spacing--tiny)\">Sales and Marketing Director<\/p>\n\n\n\n<p>Toda una trayectoria profesional ligada al sector del entretenimiento en vivo.<\/p>\n\n\n\n<p>En su primera etapa, desde el lado del promotor, gestionando eventos dentro del \u00e1mbito cultural, la m\u00fasica, el deporte, el turismo\u2026 Y desde hace unos a\u00f1os, desde el lado de la ticketera.<\/p>\n\n\n\n<p>Desde su puesto actual, Reyes trabaja con un objetivo: ayudar a los organizadores de eventos a conectar con sus fans alrededor del mundo.<\/p>\n\n\n\n<p>El tenis y correr al aIre libre son dos de sus pasiones, la gastronom\u00eda y viajar otras de sus aficiones.<\/p>\n\n\n\n<div class=\"wp-block-buttons is-layout-flex wp-block-buttons-is-layout-flex\"><\/div>\n<\/div>\n<\/div>\n<\/div>\n\n\n\n<div class=\"wp-block-columns alignwide are-vertically-aligned-center is-style-default is-layout-flex wp-container-core-columns-is-layout-28f84493 wp-block-columns-is-layout-flex\">\n<div class=\"wp-block-column is-vertically-aligned-center is-layout-flow wp-block-column-is-layout-flow\"><div  class=\"align wp-block-acf-pull-to-edge\">\n\t<div class=\"pull-to-edge pull-to-edge--left\">\n\n<figure class=\"wp-block-image size-full\"><img decoding=\"async\" src=\"https:\/\/business.ticketmaster.es\/wp-content\/uploads\/2024\/07\/TEST-SOCIAL-1.png\" alt=\"\" class=\"wp-image-58533\" style=\"aspect-ratio:1;object-fit:cover\" \/><\/figure>\n\n<\/div>\t\n<\/div><\/div>\n\n\n\n<div class=\"wp-block-column is-vertically-aligned-center is-layout-flow wp-block-column-is-layout-flow\">\n<div class=\"wp-block-group is-style-contain-width is-layout-flow wp-container-core-group-is-layout-67a28def wp-block-group-is-layout-flow\">\n<h3 class=\"wp-block-heading has-display-4-font-size\" style=\"font-style:normal;font-weight:400;letter-spacing:0.01em;line-height:1.2\">Adolfo Mu\u00f1oz Garc\u00eda<\/h3>\n\n\n\n<p class=\"is-style-lead has-medium-font-size\" style=\"margin-top:var(--wp--preset--spacing--tiny)\">Chief Operating Officer, Ticketmaster Espa\u00f1a <\/p>\n\n\n\n<p>Adolfo Mu\u00f1oz es actualmente el Director del \u00e1rea de Support &amp; Operations en Ticketmaster Espa\u00f1a.<\/p>\n\n\n\n<p><br>Doctorado en Psicolog\u00eda por la Universidad Aut\u00f3noma de Madrid. Ha desarrollado su trayectoria profesional dirigiendo equipos de Operaciones, Soporte y Ventas en varios sectores, compa\u00f1\u00edas y entornos de startup, desde la aviaci\u00f3n y el turismo hasta el ticketing, donde ha ocupado puestos directivos durante m\u00e1s de 5 a\u00f1os en compa\u00f1\u00edas del mercado secundario.<\/p>\n\n\n\n<p><br>Su misi\u00f3n en Ticketmaster consiste en conseguir la excelencia en el servicio a organizadores de eventos y recintos a lo largo de todo el ciclo de vida de los eventos, desde la salida a la venta hasta la entrada al recinto.<\/p>\n\n\n\n<p><br>Le apasiona la m\u00fasica, la lectura, el tenis, la gastronom\u00eda y viajar en familia.<\/p>\n\n\n\n<div class=\"wp-block-buttons is-layout-flex wp-block-buttons-is-layout-flex\"><\/div>\n<\/div>\n<\/div>\n<\/div>\n\n\n\n<div class=\"wp-block-columns alignwide are-vertically-aligned-center is-style-lg-row-reverse is-layout-flex wp-container-core-columns-is-layout-28f84493 wp-block-columns-is-layout-flex\">\n<div class=\"wp-block-column is-vertically-aligned-center is-layout-flow wp-block-column-is-layout-flow\"><div  class=\"align wp-block-acf-pull-to-edge\">\n\t<div class=\"pull-to-edge pull-to-edge--right\">\n\n<figure class=\"wp-block-image size-full\"><img decoding=\"async\" src=\"https:\/\/business.ticketmaster.es\/wp-content\/uploads\/2024\/07\/TEST-SOCIAL-2.png\" alt=\"\" class=\"wp-image-58534\" style=\"aspect-ratio:1;object-fit:cover\" \/><\/figure>\n\n<\/div>\t\n<\/div><\/div>\n\n\n\n<div class=\"wp-block-column is-vertically-aligned-center is-layout-flow wp-block-column-is-layout-flow\">\n<div class=\"wp-block-group is-style-contain-width is-layout-flow wp-container-core-group-is-layout-67a28def wp-block-group-is-layout-flow\">\n<h3 class=\"wp-block-heading has-display-4-font-size\" style=\"font-style:normal;font-weight:400;letter-spacing:0.01em;line-height:1.2\">Reyes S\u00e1enz De Juano<\/h3>\n\n\n\n<p class=\"is-style-lead has-medium-font-size\" style=\"margin-top:var(--wp--preset--spacing--tiny)\">Sales and Marketing Director<\/p>\n\n\n\n<p>Toda una trayectoria profesional ligada al sector del entretenimiento en vivo.<\/p>\n\n\n\n<p><br>En su primera etapa, desde el lado del promotor, gestionando eventos dentro del \u00e1mbito cultural, la m\u00fasica, el deporte, el turismo\u2026 Y desde hace unos a\u00f1os, desde el lado de la ticketera.<\/p>\n\n\n\n<p><br>Desde su puesto actual, Reyes trabaja con un objetivo: ayudar a los organizadores de eventos a conectar con sus fans alrededor del mundo.<\/p>\n\n\n\n<p><br>El tenis y correr al aIre libre son dos de sus pasiones, la gastronom\u00eda y viajar otras de sus aficiones.<\/p>\n\n\n\n<p><br><\/p>\n\n\n\n<div class=\"wp-block-buttons is-layout-flex wp-block-buttons-is-layout-flex\"><\/div>\n<\/div>\n<\/div>\n<\/div>\n<\/div>\n\n\n\n<div class=\"wp-block-group full-bleed has-base-color has-primary-background-color has-text-color has-background has-link-color wp-elements-26ee332be881b8d78dd6c430ac79bf07 has-global-padding is-layout-constrained wp-block-group-is-layout-constrained\">\n<div class=\"wp-block-columns alignwide is-style-more-space is-layout-flex wp-container-core-columns-is-layout-28f84493 wp-block-columns-is-layout-flex\">\n<div class=\"wp-block-column is-layout-flow wp-block-column-is-layout-flow\">\n<h2 class=\"wp-block-heading alignwide is-style-eyebrow\">Join our team<\/h2>\n<\/div>\n\n\n\n<div class=\"wp-block-column is-layout-flow wp-block-column-is-layout-flow\">\n<p>We\u2019re powering the products and solutions that transform the way fans access live entertainment. Join our team of experts today.<\/p>\n<\/div>\n<\/div>\n\n\n\n<figure class=\"wp-block-embed alignwide is-type-video is-provider-vimeo wp-block-embed-vimeo wp-embed-aspect-16-9 wp-has-aspect-ratio\"><div class=\"wp-block-embed__wrapper\">\n<iframe loading=\"lazy\" title=\"#TMJobs\" src=\"https:\/\/player.vimeo.com\/video\/549279184?dnt=1&amp;app_id=122963\" width=\"500\" height=\"281\" frameborder=\"0\" allow=\"autoplay; fullscreen; picture-in-picture; clipboard-write; encrypted-media; web-share\" referrerpolicy=\"strict-origin-when-cross-origin\"><\/iframe>\n<\/div><\/figure>\n<\/div>\n\n\n\n<div class=\"wp-block-group has-base-color has-contrast-background-color has-text-color has-background has-link-color wp-elements-1e1af7dd976810971440e731c51c174e has-global-padding is-layout-constrained wp-block-group-is-layout-constrained\">\n<div class=\"wp-block-columns alignwide is-style-more-space is-layout-flex wp-container-core-columns-is-layout-28f84493 wp-block-columns-is-layout-flex\">\n<div class=\"wp-block-column is-layout-flow wp-block-column-is-layout-flow\">\n<h2 class=\"wp-block-heading alignwide is-style-eyebrow\">More about us<\/h2>\n<\/div>\n\n\n\n<div class=\"wp-block-column is-layout-flow wp-block-column-is-layout-flow\"><\/div>\n<\/div>\n\n\n\n<div class=\"wp-block-columns alignwide is-layout-flex wp-container-core-columns-is-layout-28f84493 wp-block-columns-is-layout-flex\">\n<div class=\"wp-block-column is-layout-flow wp-block-column-is-layout-flow\">\n<figure class=\"wp-block-image size-large is-resized is-style-rounded\"><img loading=\"lazy\" decoding=\"async\" width=\"1024\" height=\"1024\" src=\"https:\/\/business.ticketmaster.com\/wp-content\/uploads\/2024\/02\/team1-1024x1024.png\" alt=\"man singing with hand in the air \" class=\"wp-image-55981\" style=\"width:400px\" srcset=\"https:\/\/business.ticketmaster.es\/en\/wp-content\/uploads\/sites\/2\/2024\/02\/team1-1024x1024.png 1024w, https:\/\/business.ticketmaster.es\/en\/wp-content\/uploads\/sites\/2\/2024\/02\/team1-300x300.png 300w, https:\/\/business.ticketmaster.es\/en\/wp-content\/uploads\/sites\/2\/2024\/02\/team1-150x150.png 150w, https:\/\/business.ticketmaster.es\/en\/wp-content\/uploads\/sites\/2\/2024\/02\/team1-768x768.png 768w, https:\/\/business.ticketmaster.es\/en\/wp-content\/uploads\/sites\/2\/2024\/02\/team1-1125x1125.png 1125w, https:\/\/business.ticketmaster.es\/en\/wp-content\/uploads\/sites\/2\/2024\/02\/team1.png 1200w\" sizes=\"auto, (max-width: 1024px) 100vw, 1024px\" \/><\/figure>\n\n\n\n<h3 class=\"wp-block-heading\">Our Story<\/h3>\n\n\n\n<p>Uncover how Ticketmaster Enterprise has stayed at the forefront of innovation and evolved the entertainment industry.<\/p>\n\n\n\n<div class=\"wp-block-buttons is-layout-flex wp-block-buttons-is-layout-flex\" style=\"margin-top:var(--wp--preset--spacing--medium)\">\n<div class=\"wp-block-button is-style-arrow\"><a class=\"wp-block-button__link has-base-color has-text-color has-link-color wp-element-button\" href=\"https:\/\/business.ticketmaster.com\/why-ticketmaster\/our-story\/\" target=\"_blank\" rel=\"noopener\">Learn More\n            <span class='tme-button-icon tme-button-icon--arrow' aria-hidden='true'>\n                <svg xmlns='http:\/\/www.w3.org\/2000\/svg' width='41' height='16' viewBox='0 0 41 16' fill='none'><path d='M40.7071 8.70711C41.0976 8.31658 41.0976 7.68342 40.7071 7.29289L34.3431 0.928932C33.9526 0.538408 33.3195 0.538408 32.9289 0.928932C32.5384 1.31946 32.5384 1.95262 32.9289 2.34315L38.5858 8L32.9289 13.6569C32.5384 14.0474 32.5384 14.6805 32.9289 15.0711C33.3195 15.4616 33.9526 15.4616 34.3431 15.0711L40.7071 8.70711ZM0 9H40V7H0V9Z' fill='currentColor'\/><\/svg>\n            <\/span>\n        <\/a><\/div>\n<\/div>\n<\/div>\n\n\n\n<div class=\"wp-block-column is-layout-flow wp-block-column-is-layout-flow\">\n<figure class=\"wp-block-image size-large is-resized is-style-rounded\"><img loading=\"lazy\" decoding=\"async\" width=\"1024\" height=\"1024\" src=\"https:\/\/business.ticketmaster.com\/wp-content\/uploads\/2024\/02\/team2-1024x1024.png\" alt=\"two girls working on a laptop together waving their hand\" class=\"wp-image-55982\" style=\"width:400px\" srcset=\"https:\/\/business.ticketmaster.es\/en\/wp-content\/uploads\/sites\/2\/2024\/02\/team2-1024x1024.png 1024w, https:\/\/business.ticketmaster.es\/en\/wp-content\/uploads\/sites\/2\/2024\/02\/team2-300x300.png 300w, https:\/\/business.ticketmaster.es\/en\/wp-content\/uploads\/sites\/2\/2024\/02\/team2-150x150.png 150w, https:\/\/business.ticketmaster.es\/en\/wp-content\/uploads\/sites\/2\/2024\/02\/team2-768x768.png 768w, https:\/\/business.ticketmaster.es\/en\/wp-content\/uploads\/sites\/2\/2024\/02\/team2-1125x1125.png 1125w, https:\/\/business.ticketmaster.es\/en\/wp-content\/uploads\/sites\/2\/2024\/02\/team2.png 1200w\" sizes=\"auto, (max-width: 1024px) 100vw, 1024px\" \/><\/figure>\n\n\n\n<h3 class=\"wp-block-heading\">Our Clients<\/h3>\n\n\n\n<p>Meet the incredible teams we work with around the globe to make our solutions the best they can be for you and your business.<\/p>\n\n\n\n<div class=\"wp-block-buttons is-layout-flex wp-block-buttons-is-layout-flex\" style=\"margin-top:var(--wp--preset--spacing--medium)\">\n<div class=\"wp-block-button is-style-arrow\"><a class=\"wp-block-button__link has-base-color has-text-color has-link-color wp-element-button\" href=\"https:\/\/business.ticketmaster.com\/why-ticketmaster\/our-partners\/\" target=\"_blank\" rel=\"noopener\">Learn More\n            <span class='tme-button-icon tme-button-icon--arrow' aria-hidden='true'>\n                <svg xmlns='http:\/\/www.w3.org\/2000\/svg' width='41' height='16' viewBox='0 0 41 16' fill='none'><path d='M40.7071 8.70711C41.0976 8.31658 41.0976 7.68342 40.7071 7.29289L34.3431 0.928932C33.9526 0.538408 33.3195 0.538408 32.9289 0.928932C32.5384 1.31946 32.5384 1.95262 32.9289 2.34315L38.5858 8L32.9289 13.6569C32.5384 14.0474 32.5384 14.6805 32.9289 15.0711C33.3195 15.4616 33.9526 15.4616 34.3431 15.0711L40.7071 8.70711ZM0 9H40V7H0V9Z' fill='currentColor'\/><\/svg>\n            <\/span>\n        <\/a><\/div>\n<\/div>\n<\/div>\n\n\n\n<div class=\"wp-block-column is-layout-flow wp-block-column-is-layout-flow\">\n<figure class=\"wp-block-image size-large is-resized is-style-rounded\"><img loading=\"lazy\" decoding=\"async\" width=\"1024\" height=\"1024\" src=\"https:\/\/business.ticketmaster.com\/wp-content\/uploads\/2024\/02\/team3-1024x1024.png\" alt=\"screenshot of tm1\" class=\"wp-image-55983\" style=\"width:400px\" srcset=\"https:\/\/business.ticketmaster.es\/en\/wp-content\/uploads\/sites\/2\/2024\/02\/team3-1024x1024.png 1024w, https:\/\/business.ticketmaster.es\/en\/wp-content\/uploads\/sites\/2\/2024\/02\/team3-300x300.png 300w, https:\/\/business.ticketmaster.es\/en\/wp-content\/uploads\/sites\/2\/2024\/02\/team3-150x150.png 150w, https:\/\/business.ticketmaster.es\/en\/wp-content\/uploads\/sites\/2\/2024\/02\/team3-768x768.png 768w, https:\/\/business.ticketmaster.es\/en\/wp-content\/uploads\/sites\/2\/2024\/02\/team3-1125x1125.png 1125w, https:\/\/business.ticketmaster.es\/en\/wp-content\/uploads\/sites\/2\/2024\/02\/team3.png 1200w\" sizes=\"auto, (max-width: 1024px) 100vw, 1024px\" \/><\/figure>\n\n\n\n<h3 class=\"wp-block-heading\">Our Solutions<\/h3>\n\n\n\n<p>Learn more about what we can do together and how we have your back at the box office and beyond.<\/p>\n\n\n\n<div class=\"wp-block-buttons is-layout-flex wp-block-buttons-is-layout-flex\" style=\"margin-top:var(--wp--preset--spacing--medium)\">\n<div class=\"wp-block-button is-style-arrow\"><a class=\"wp-block-button__link has-base-color has-text-color has-link-color wp-element-button\" href=\"https:\/\/business.ticketmaster.com\/solutions\/\" target=\"_blank\" rel=\"noopener\">Learn More\n            <span class='tme-button-icon tme-button-icon--arrow' aria-hidden='true'>\n                <svg xmlns='http:\/\/www.w3.org\/2000\/svg' width='41' height='16' viewBox='0 0 41 16' fill='none'><path d='M40.7071 8.70711C41.0976 8.31658 41.0976 7.68342 40.7071 7.29289L34.3431 0.928932C33.9526 0.538408 33.3195 0.538408 32.9289 0.928932C32.5384 1.31946 32.5384 1.95262 32.9289 2.34315L38.5858 8L32.9289 13.6569C32.5384 14.0474 32.5384 14.6805 32.9289 15.0711C33.3195 15.4616 33.9526 15.4616 34.3431 15.0711L40.7071 8.70711ZM0 9H40V7H0V9Z' fill='currentColor'\/><\/svg>\n            <\/span>\n        <\/a><\/div>\n<\/div>\n<\/div>\n<\/div>\n<\/div>\n\n\n","protected":false},"excerpt":{"rendered":"<p>Meet Our Team Get to know some of the leaders shaping the future of live. Our local teams bring unparalleled expertise to delivering unforgettable live experiences. Leadership Ana Valdovinos Chief Executive Officer, Ticketmaster Espa\u00f1a Ana Valdovinos es actualmente CEO de Ticketmaster Espa\u00f1a y Directora Financiera desde 2011, cargos que compagina con el de Responsable de [&hellip;]<\/p>\n","protected":false},"author":82,"featured_media":0,"parent":55549,"menu_order":1,"comment_status":"closed","ping_status":"closed","template":"","meta":{"_acf_changed":false,"_relevanssi_hide_post":"","_relevanssi_hide_content":"","_relevanssi_pin_for_all":"","_relevanssi_pin_keywords":"","_relevanssi_unpin_keywords":"","_relevanssi_related_keywords":"","_relevanssi_related_include_ids":"","_relevanssi_related_exclude_ids":"","_relevanssi_related_no_append":"","_relevanssi_related_not_related":"","_relevanssi_related_posts":"55294,55591,57070","_relevanssi_noindex_reason":"","footnotes":""},"admin-category":[],"solution":[],"segment":[],"venue":[],"topic":[],"class_list":["post-55590","page","type-page","status-publish","hentry"],"acf":[],"_links":{"self":[{"href":"https:\/\/business.ticketmaster.es\/en\/wp-json\/wp\/v2\/pages\/55590","targetHints":{"allow":["GET"]}}],"collection":[{"href":"https:\/\/business.ticketmaster.es\/en\/wp-json\/wp\/v2\/pages"}],"about":[{"href":"https:\/\/business.ticketmaster.es\/en\/wp-json\/wp\/v2\/types\/page"}],"author":[{"embeddable":true,"href":"https:\/\/business.ticketmaster.es\/en\/wp-json\/wp\/v2\/users\/82"}],"replies":[{"embeddable":true,"href":"https:\/\/business.ticketmaster.es\/en\/wp-json\/wp\/v2\/comments?post=55590"}],"version-history":[{"count":0,"href":"https:\/\/business.ticketmaster.es\/en\/wp-json\/wp\/v2\/pages\/55590\/revisions"}],"up":[{"embeddable":true,"href":"https:\/\/business.ticketmaster.es\/en\/wp-json\/wp\/v2\/pages\/55549"}],"wp:attachment":[{"href":"https:\/\/business.ticketmaster.es\/en\/wp-json\/wp\/v2\/media?parent=55590"}],"wp:term":[{"taxonomy":"admin-category","embeddable":true,"href":"https:\/\/business.ticketmaster.es\/en\/wp-json\/wp\/v2\/admin-category?post=55590"},{"taxonomy":"solution","embeddable":true,"href":"https:\/\/business.ticketmaster.es\/en\/wp-json\/wp\/v2\/solution?post=55590"},{"taxonomy":"segment","embeddable":true,"href":"https:\/\/business.ticketmaster.es\/en\/wp-json\/wp\/v2\/segment?post=55590"},{"taxonomy":"venue","embeddable":true,"href":"https:\/\/business.ticketmaster.es\/en\/wp-json\/wp\/v2\/venue?post=55590"},{"taxonomy":"topic","embeddable":true,"href":"https:\/\/business.ticketmaster.es\/en\/wp-json\/wp\/v2\/topic?post=55590"}],"curies":[{"name":"wp","href":"https:\/\/api.w.org\/{rel}","templated":true}]}}